{"id":5829,"date":"2022-03-03T08:30:44","date_gmt":"2022-03-03T08:30:44","guid":{"rendered":"http:\/\/mrs-candle.com\/?page_id=5829"},"modified":"2022-03-03T08:33:09","modified_gmt":"2022-03-03T08:33:09","slug":"rueckgabe","status":"publish","type":"page","link":"https:\/\/mrs-candle.com\/index.php\/rueckgabe\/","title":{"rendered":"R\u00fcckgabe"},"content":{"rendered":"<p>Wir bedauern, falls dir deine ausgew\u00e4hlten Produkte nicht gefallen.<br>Unbenutzte und originalverpackte Produkte kannst du innerhalb von 14 Tagen ganz problemlos zur\u00fcckgeben.<br>Die R\u00fccksendekosten nach \u00d6sterreich sind von dir zu tragen.<\/p><p><strong>Wie es genau funktioniert<\/strong><br>Du kannst ein Produkt ohne Angabe von Gr\u00fcnden ab dem Datum der Versandbest\u00e4tigung bis zu 14 Tage nach Erhalt deiner Bestellung zur\u00fcckgeben oder umtauschen. Anspruch auf R\u00fcckgabe hast du nur dann, wenn sich das Produkt in demselben Zustand befindet, indem du es erhalten hast. Das bedeutet unbenutzt und in der Originalverpackung. Du musst zudem eine Quittung oder einen Kaufbeleg dem Retourpaket beilegen.<\/p><p>Um eine R\u00fccksendung oder einen Umtausch einzuleiten, kannst du uns unter<br>office@mrs-candle.com kontaktieren. Wir geben dir genaue Anweisungen zum Versand deines Pakets. Du musst uns innerhalb von 14 Tagen nach Erhalt des letzten Artikels deiner Bestellung kontaktieren. Alle Produkte sind zur\u00fcckzusenden an: Mrs Candle, Bozica Lucic, Bahnstra\u00dfe 15, 2263 D\u00fcrnkrut, \u00d6sterreich. Die direkten Kosten f\u00fcr die R\u00fccksendung eines Produkts m\u00fcssen von dir bezahlt werden. Mit Nachnahme geschickte Pakete nehmen wir nicht an.<\/p><p><strong>Sch\u00e4den und Probleme<\/strong><br>Bitte \u00fcberpr\u00fcfe deine Bestellung nach Erhalt und kontaktiere uns gleich, wenn ein Produkt defekt oder besch\u00e4digt ist oder wenn du den falschen Artikel erhalten hast. Wir k\u00fcmmern uns rasch um eine L\u00f6sung.<br>Da es sich um ein handgemachtes Produkt handelt kann es manchmal passieren, dass die Kerze w\u00e4hrend des Abbrennens M\u00e4ngel aufweist.<br>Bitte dies zu fotodokumentieren und mir via E-Mail zukommen zu lassen. Die Kerze wird in diesem Fall nat\u00fcrlich kostenlos ersetzt.<br>Bitte halte dich aber dennoch an die Produktbenutzungshinweise und Warnhinweis.<\/p><p><strong>R\u00fcckzahlungen<\/strong><br>Wir werden dich benachrichtigen, sobald wir dein Retourpaket erhalten haben. Wenn deine R\u00fccksendung genehmigt wird, werden wir deine R\u00fcckerstattung so schnell wie m\u00f6glich (und in jedem Fall innerhalb von 14 Tagen nach dem Tag, an dem wir das Produkt von dir zur\u00fcckerhalten haben) an deine urspr\u00fcngliche Zahlungsmethode retournieren. Bitte denken daran, dass es einige Zeit dauern kann, bis deine Bank oder dein Kreditkartenunternehmen den Betrag gutgeschrieben hat.<\/p><p>Im Interesse der Verhinderung oder Untersuchung betr\u00fcgerischer Aktivit\u00e4ten: (a) k\u00f6nnen wir dich bez\u00fcglich verd\u00e4chtiger R\u00fcckf\u00fchrungsaktivit\u00e4ten kontaktieren und\/oder (b) behalten wir uns das Recht vor, jedes Konto zu deaktivieren, das an verd\u00e4chtigen Aktivit\u00e4ten beteiligt ist.<\/p><p>Weitere Informationen zu deinen Widerrufsrechten findest du hier.<\/p>","protected":false},"excerpt":{"rendered":"<p>Wir bedauern, falls dir deine ausgew\u00e4hlten Produkte nicht gefallen.Unbenutzte und originalverpackte Produkte kannst du innerhalb von 14 Tagen ganz problemlos zur\u00fcckgeben.Die R\u00fccksendekosten nach \u00d6sterreich sind von dir zu tragen. Wie es genau funktioniertDu kannst ein Produkt ohne Angabe von Gr\u00fcnden [&hellip;]<\/p>\n","protected":false},"author":1,"featured_media":0,"parent":0,"menu_order":0,"comment_status":"closed","ping_status":"closed","template":"","meta":{"footnotes":""},"class_list":["post-5829","page","type-page","status-publish","hentry"],"_links":{"self":[{"href":"https:\/\/mrs-candle.com\/index.php\/wp-json\/wp\/v2\/pages\/5829","targetHints":{"allow":["GET"]}}],"collection":[{"href":"https:\/\/mrs-candle.com\/index.php\/wp-json\/wp\/v2\/pages"}],"about":[{"href":"https:\/\/mrs-candle.com\/index.php\/wp-json\/wp\/v2\/types\/page"}],"author":[{"embeddable":true,"href":"https:\/\/mrs-candle.com\/index.php\/wp-json\/wp\/v2\/users\/1"}],"replies":[{"embeddable":true,"href":"https:\/\/mrs-candle.com\/index.php\/wp-json\/wp\/v2\/comments?post=5829"}],"version-history":[{"count":2,"href":"https:\/\/mrs-candle.com\/index.php\/wp-json\/wp\/v2\/pages\/5829\/revisions"}],"predecessor-version":[{"id":5832,"href":"https:\/\/mrs-candle.com\/index.php\/wp-json\/wp\/v2\/pages\/5829\/revisions\/5832"}],"wp:attachment":[{"href":"https:\/\/mrs-candle.com\/index.php\/wp-json\/wp\/v2\/media?parent=5829"}],"curies":[{"name":"wp","href":"https:\/\/api.w.org\/{rel}","templated":true}]}}