{"id":5833,"date":"2022-03-03T08:37:33","date_gmt":"2022-03-03T08:37:33","guid":{"rendered":"http:\/\/mrs-candle.com\/?page_id=5833"},"modified":"2022-03-03T08:37:36","modified_gmt":"2022-03-03T08:37:36","slug":"kerzenpflege-produktbenutzungshinweis","status":"publish","type":"page","link":"https:\/\/mrs-candle.com\/index.php\/kerzenpflege-produktbenutzungshinweis\/","title":{"rendered":"KERZENPFLEGE &#8211; PRODUKTBENUTZUNGSHINWEIS"},"content":{"rendered":"<p>F\u00fcr ein gleichm\u00e4\u00dfiges Brennverhalten soll die Kerze so lange brennen, bis die gesamte Wachsoberfl\u00e4che geschmolzen ist. Das verhindert eine Tunnelbildung. Lass die Kerze max. 4 Stunden brennen.<br>Die Kerze sollte nicht mehr brennen, wenn der Docht k\u00fcrzer als einen cm ist.<br>Achten Sie darauf, dass der Docht vor jedem Abbrennen auf ca. 0,5 cm gek\u00fcrzt wird.<\/p><p>Wenn die Flamme zu hoch wird, l\u00f6schen Sie die Kerze, lassen Sie sie abk\u00fchlen und vergessen Sie nicht, vor dem erneuten Anz\u00fcnden den Docht zu k\u00fcrzen!<\/p><p>Lassen Sie niemals eine brennende Kerze unbeaufsichtigt.<br>Stellen Sie die Kerze an einem Ort ohne Zugluft auf, fern von kleinen Kindern, Haustieren und brennbaren Materialien.<\/p><p>Nach Gebrauch l\u00e4sst sich das verbleibende Wachs \u00fcblicherweise leicht entfernen. Ich benutze hierzu z.B.: einen L\u00f6ffel und wasche das Glas dann gr\u00fcndlich aus.<\/p><p>So k\u00f6nnten Sie ihr Glas recyclen und der Umwelt etwas Gutes tun.<\/p><p>Unsere Kerzen sind mit einer Brennanweisung versehen. Die Brennanweisung liegt&nbsp; der Kerzenverpackung bei. Verpackungen mit mehreren Kerzen, die als geschlossene Verpackungseinheit zum Verbraucher gelangen sollten, enthalten nur eine Brennanweisung. L\u00f6sen Sie eine solche Verpackungseinheit auf, um Einzelst\u00fccke an Dritte weiterzugeben, oder geben Sie Kerzen, bei denen die Einzelverpackung mit der Brennanleitung entfernt wurde, an Dritte weiter, sind Sie f\u00fcr die ordnungsgem\u00e4\u00dfe Instruktion des jeweiligen Dritten verantwortlich. Bei Nichtbeachtung \u00fcbernehme ich keine Haftung f\u00fcr Sch\u00e4den.<\/p>","protected":false},"excerpt":{"rendered":"<p>F\u00fcr ein gleichm\u00e4\u00dfiges Brennverhalten soll die Kerze so lange brennen, bis die gesamte Wachsoberfl\u00e4che geschmolzen ist. Das verhindert eine Tunnelbildung. Lass die Kerze max. 4 Stunden brennen.Die Kerze sollte nicht mehr brennen, wenn der Docht k\u00fcrzer als einen cm ist.Achten [&hellip;]<\/p>\n","protected":false},"author":1,"featured_media":0,"parent":0,"menu_order":0,"comment_status":"closed","ping_status":"closed","template":"","meta":{"footnotes":""},"class_list":["post-5833","page","type-page","status-publish","hentry"],"_links":{"self":[{"href":"https:\/\/mrs-candle.com\/index.php\/wp-json\/wp\/v2\/pages\/5833","targetHints":{"allow":["GET"]}}],"collection":[{"href":"https:\/\/mrs-candle.com\/index.php\/wp-json\/wp\/v2\/pages"}],"about":[{"href":"https:\/\/mrs-candle.com\/index.php\/wp-json\/wp\/v2\/types\/page"}],"author":[{"embeddable":true,"href":"https:\/\/mrs-candle.com\/index.php\/wp-json\/wp\/v2\/users\/1"}],"replies":[{"embeddable":true,"href":"https:\/\/mrs-candle.com\/index.php\/wp-json\/wp\/v2\/comments?post=5833"}],"version-history":[{"count":1,"href":"https:\/\/mrs-candle.com\/index.php\/wp-json\/wp\/v2\/pages\/5833\/revisions"}],"predecessor-version":[{"id":5834,"href":"https:\/\/mrs-candle.com\/index.php\/wp-json\/wp\/v2\/pages\/5833\/revisions\/5834"}],"wp:attachment":[{"href":"https:\/\/mrs-candle.com\/index.php\/wp-json\/wp\/v2\/media?parent=5833"}],"curies":[{"name":"wp","href":"https:\/\/api.w.org\/{rel}","templated":true}]}}