{"id":5320,"date":"2022-02-11T13:04:25","date_gmt":"2022-02-11T13:04:25","guid":{"rendered":"http:\/\/mrs-candle.com\/?post_type=product&#038;p=5320"},"modified":"2024-08-07T14:10:33","modified_gmt":"2024-08-07T14:10:33","slug":"beerenfruchte-ruby-ruby","status":"publish","type":"product","link":"https:\/\/mrs-candle.com\/index.php\/product\/beerenfruchte-ruby-ruby\/","title":{"rendered":"Beerenfr\u00fcchte"},"content":{"rendered":"","protected":false},"excerpt":{"rendered":"<p>Eine lebendige, fruchtige Mischung mit Noten von Rubinroten Preiselbeeren, Himbeeren, Blaubeeren und scharfen Cassis, verwoben mit einer Zitrus-Explosion aus Kopfnoten von S\u00fc\u00dforange, Bergamotte und Aldehyd. Eine cremige Vanillebasis sorgt f\u00fcr eine wohlige W\u00e4rme.<\/p>\n","protected":false},"featured_media":5603,"comment_status":"open","ping_status":"closed","template":"","meta":[],"product_brand":[],"product_cat":[75],"product_tag":[],"class_list":{"0":"post-5320","1":"product","2":"type-product","3":"status-publish","4":"has-post-thumbnail","6":"product_cat-kerzen","8":"first","9":"instock","10":"shipping-taxable","11":"purchasable","12":"product-type-variable"},"_links":{"self":[{"href":"https:\/\/mrs-candle.com\/index.php\/wp-json\/wp\/v2\/product\/5320","targetHints":{"allow":["GET"]}}],"collection":[{"href":"https:\/\/mrs-candle.com\/index.php\/wp-json\/wp\/v2\/product"}],"about":[{"href":"https:\/\/mrs-candle.com\/index.php\/wp-json\/wp\/v2\/types\/product"}],"replies":[{"embeddable":true,"href":"https:\/\/mrs-candle.com\/index.php\/wp-json\/wp\/v2\/comments?post=5320"}],"wp:featuredmedia":[{"embeddable":true,"href":"https:\/\/mrs-candle.com\/index.php\/wp-json\/wp\/v2\/media\/5603"}],"wp:attachment":[{"href":"https:\/\/mrs-candle.com\/index.php\/wp-json\/wp\/v2\/media?parent=5320"}],"wp:term":[{"taxonomy":"product_brand","embeddable":true,"href":"https:\/\/mrs-candle.com\/index.php\/wp-json\/wp\/v2\/product_brand?post=5320"},{"taxonomy":"product_cat","embeddable":true,"href":"https:\/\/mrs-candle.com\/index.php\/wp-json\/wp\/v2\/product_cat?post=5320"},{"taxonomy":"product_tag","embeddable":true,"href":"https:\/\/mrs-candle.com\/index.php\/wp-json\/wp\/v2\/product_tag?post=5320"}],"curies":[{"name":"wp","href":"https:\/\/api.w.org\/{rel}","templated":true}]}}