{"id":5326,"date":"2022-02-11T13:06:31","date_gmt":"2022-02-11T13:06:31","guid":{"rendered":"http:\/\/mrs-candle.com\/?post_type=product&#038;p=5326"},"modified":"2024-08-07T14:08:48","modified_gmt":"2024-08-07T14:08:48","slug":"black-cherry","status":"publish","type":"product","link":"https:\/\/mrs-candle.com\/index.php\/product\/black-cherry\/","title":{"rendered":"Black Cherry"},"content":{"rendered":"<p>Kopfnoten: Kirsche, Himbeere, Brombeere<br \/>\nHerznoten: Kirsche, Rose, Pfirsich, Schwarze Johannisbeere<br \/>\nBasisnoten: Kirsche, Vanille<\/p>\n","protected":false},"excerpt":{"rendered":"<p>Eine \u00fcppige F\u00fclle k\u00f6stlich dunkelroter saftiger Beeren. Noten von Erntefr\u00fcchten mit prallen Kirschen. Subtil mit Vanilleschoten durchsetzt. <\/p>\n","protected":false},"featured_media":5604,"comment_status":"open","ping_status":"closed","template":"","meta":[],"product_brand":[],"product_cat":[75],"product_tag":[],"class_list":{"0":"post-5326","1":"product","2":"type-product","3":"status-publish","4":"has-post-thumbnail","6":"product_cat-kerzen","8":"first","9":"instock","10":"shipping-taxable","11":"purchasable","12":"product-type-variable"},"_links":{"self":[{"href":"https:\/\/mrs-candle.com\/index.php\/wp-json\/wp\/v2\/product\/5326","targetHints":{"allow":["GET"]}}],"collection":[{"href":"https:\/\/mrs-candle.com\/index.php\/wp-json\/wp\/v2\/product"}],"about":[{"href":"https:\/\/mrs-candle.com\/index.php\/wp-json\/wp\/v2\/types\/product"}],"replies":[{"embeddable":true,"href":"https:\/\/mrs-candle.com\/index.php\/wp-json\/wp\/v2\/comments?post=5326"}],"wp:featuredmedia":[{"embeddable":true,"href":"https:\/\/mrs-candle.com\/index.php\/wp-json\/wp\/v2\/media\/5604"}],"wp:attachment":[{"href":"https:\/\/mrs-candle.com\/index.php\/wp-json\/wp\/v2\/media?parent=5326"}],"wp:term":[{"taxonomy":"product_brand","embeddable":true,"href":"https:\/\/mrs-candle.com\/index.php\/wp-json\/wp\/v2\/product_brand?post=5326"},{"taxonomy":"product_cat","embeddable":true,"href":"https:\/\/mrs-candle.com\/index.php\/wp-json\/wp\/v2\/product_cat?post=5326"},{"taxonomy":"product_tag","embeddable":true,"href":"https:\/\/mrs-candle.com\/index.php\/wp-json\/wp\/v2\/product_tag?post=5326"}],"curies":[{"name":"wp","href":"https:\/\/api.w.org\/{rel}","templated":true}]}}