{"id":5338,"date":"2022-02-11T13:08:01","date_gmt":"2022-02-11T13:08:01","guid":{"rendered":"http:\/\/mrs-candle.com\/?post_type=product&#038;p=5338"},"modified":"2024-08-07T14:05:47","modified_gmt":"2024-08-07T14:05:47","slug":"schwarzbeeren-marmelade","status":"publish","type":"product","link":"https:\/\/mrs-candle.com\/index.php\/product\/schwarzbeeren-marmelade\/","title":{"rendered":"Schwarzbeer Marmelade"},"content":{"rendered":"","protected":false},"excerpt":{"rendered":"<p>Ein wunderbarer Duft von reifen Brombeeren mit einer Basisnoten von s\u00fc\u00dfer Vanille<br \/>\nMelone<br \/>\nEin erfrischender Duft nach reifer, saftiger Wassermelone mit s\u00fc\u00dfer, zuckerhaltiger Limonade. Ein gro\u00dfartiges Sommer Duft\u00f6l.<\/p>\n","protected":false},"featured_media":5606,"comment_status":"open","ping_status":"closed","template":"","meta":[],"product_brand":[],"product_cat":[75],"product_tag":[],"class_list":{"0":"post-5338","1":"product","2":"type-product","3":"status-publish","4":"has-post-thumbnail","6":"product_cat-kerzen","8":"first","9":"instock","10":"shipping-taxable","11":"purchasable","12":"product-type-variable"},"_links":{"self":[{"href":"https:\/\/mrs-candle.com\/index.php\/wp-json\/wp\/v2\/product\/5338","targetHints":{"allow":["GET"]}}],"collection":[{"href":"https:\/\/mrs-candle.com\/index.php\/wp-json\/wp\/v2\/product"}],"about":[{"href":"https:\/\/mrs-candle.com\/index.php\/wp-json\/wp\/v2\/types\/product"}],"replies":[{"embeddable":true,"href":"https:\/\/mrs-candle.com\/index.php\/wp-json\/wp\/v2\/comments?post=5338"}],"wp:featuredmedia":[{"embeddable":true,"href":"https:\/\/mrs-candle.com\/index.php\/wp-json\/wp\/v2\/media\/5606"}],"wp:attachment":[{"href":"https:\/\/mrs-candle.com\/index.php\/wp-json\/wp\/v2\/media?parent=5338"}],"wp:term":[{"taxonomy":"product_brand","embeddable":true,"href":"https:\/\/mrs-candle.com\/index.php\/wp-json\/wp\/v2\/product_brand?post=5338"},{"taxonomy":"product_cat","embeddable":true,"href":"https:\/\/mrs-candle.com\/index.php\/wp-json\/wp\/v2\/product_cat?post=5338"},{"taxonomy":"product_tag","embeddable":true,"href":"https:\/\/mrs-candle.com\/index.php\/wp-json\/wp\/v2\/product_tag?post=5338"}],"curies":[{"name":"wp","href":"https:\/\/api.w.org\/{rel}","templated":true}]}}