{"id":5380,"date":"2022-02-11T13:14:23","date_gmt":"2022-02-11T13:14:23","guid":{"rendered":"http:\/\/mrs-candle.com\/?post_type=product&#038;p=5380"},"modified":"2024-08-07T13:03:05","modified_gmt":"2024-08-07T13:03:05","slug":"pfefferminz-eukalyptus","status":"publish","type":"product","link":"https:\/\/mrs-candle.com\/index.php\/product\/pfefferminz-eukalyptus\/","title":{"rendered":"Pfefferminz &#038; Eukalyptus"},"content":{"rendered":"<p>Top &#8211; Pfefferminze, Eukalyptus, Orange<br \/>\nMitte &#8211; Patschuli, gr\u00fcnes Blatt<br \/>\nBasis &#8211; Zedernholz, wei\u00dfer Moschus<br \/>\nEnth\u00e4lt \u00e4therische \u00d6le aus Zedernholz, Patschuli, Pfefferminze und Eukalyptus<\/p>\n","protected":false},"excerpt":{"rendered":"<p>S\u00fc\u00dfe und kr\u00e4ftige Pfefferminze vermischt sich mit frisch gepfl\u00fcckten Eukalytusbl\u00e4ttern.<br \/>\nDieser superstarke Duft hat einen hohen Gehalt an \u00e4therischen \u00d6len.<br \/>\nIdeal zur \u00dcberwindung starker Ger\u00fcche wie Haustierger\u00fcche.<\/p>\n","protected":false},"featured_media":5612,"comment_status":"open","ping_status":"closed","template":"","meta":[],"product_brand":[],"product_cat":[75],"product_tag":[],"class_list":{"0":"post-5380","1":"product","2":"type-product","3":"status-publish","4":"has-post-thumbnail","6":"product_cat-kerzen","8":"first","9":"instock","10":"shipping-taxable","11":"product-type-variable"},"_links":{"self":[{"href":"https:\/\/mrs-candle.com\/index.php\/wp-json\/wp\/v2\/product\/5380","targetHints":{"allow":["GET"]}}],"collection":[{"href":"https:\/\/mrs-candle.com\/index.php\/wp-json\/wp\/v2\/product"}],"about":[{"href":"https:\/\/mrs-candle.com\/index.php\/wp-json\/wp\/v2\/types\/product"}],"replies":[{"embeddable":true,"href":"https:\/\/mrs-candle.com\/index.php\/wp-json\/wp\/v2\/comments?post=5380"}],"wp:featuredmedia":[{"embeddable":true,"href":"https:\/\/mrs-candle.com\/index.php\/wp-json\/wp\/v2\/media\/5612"}],"wp:attachment":[{"href":"https:\/\/mrs-candle.com\/index.php\/wp-json\/wp\/v2\/media?parent=5380"}],"wp:term":[{"taxonomy":"product_brand","embeddable":true,"href":"https:\/\/mrs-candle.com\/index.php\/wp-json\/wp\/v2\/product_brand?post=5380"},{"taxonomy":"product_cat","embeddable":true,"href":"https:\/\/mrs-candle.com\/index.php\/wp-json\/wp\/v2\/product_cat?post=5380"},{"taxonomy":"product_tag","embeddable":true,"href":"https:\/\/mrs-candle.com\/index.php\/wp-json\/wp\/v2\/product_tag?post=5380"}],"curies":[{"name":"wp","href":"https:\/\/api.w.org\/{rel}","templated":true}]}}