{"id":5404,"date":"2022-02-11T13:16:50","date_gmt":"2022-02-11T13:16:50","guid":{"rendered":"http:\/\/mrs-candle.com\/?post_type=product&#038;p=5404"},"modified":"2024-08-07T12:56:48","modified_gmt":"2024-08-07T12:56:48","slug":"orangenblute","status":"publish","type":"product","link":"https:\/\/mrs-candle.com\/index.php\/product\/orangenblute\/","title":{"rendered":"ORANGENBL\u00dcTE"},"content":{"rendered":"<p>Kopfnote: Petit Grain, Bergamotte<br \/>\nHerznote: Jasmin, Neroli, Orange Blossom<br \/>\nBasisnote: Sandelholz<br \/>\n(Dieser Duft ist mit nat\u00fcrlichen \u00e4therischen \u00d6len wie Bergamotte und Eukalyptus angereichert.)<\/p>\n","protected":false},"excerpt":{"rendered":"<p>Kopfnote: Petit Grain, Bergamotte Herznote: Jasmin, Neroli, Orange Blossom Basisnote: Sandelholz (Dieser Duft ist mit nat\u00fcrlichen \u00e4therischen \u00d6len wie Bergamotte und Eukalyptus angereichert.)<\/p>\n","protected":false},"featured_media":5616,"comment_status":"open","ping_status":"closed","template":"","meta":[],"product_brand":[],"product_cat":[75],"product_tag":[],"class_list":{"0":"post-5404","1":"product","2":"type-product","3":"status-publish","4":"has-post-thumbnail","6":"product_cat-kerzen","8":"first","9":"instock","10":"shipping-taxable","11":"purchasable","12":"product-type-variable"},"_links":{"self":[{"href":"https:\/\/mrs-candle.com\/index.php\/wp-json\/wp\/v2\/product\/5404","targetHints":{"allow":["GET"]}}],"collection":[{"href":"https:\/\/mrs-candle.com\/index.php\/wp-json\/wp\/v2\/product"}],"about":[{"href":"https:\/\/mrs-candle.com\/index.php\/wp-json\/wp\/v2\/types\/product"}],"replies":[{"embeddable":true,"href":"https:\/\/mrs-candle.com\/index.php\/wp-json\/wp\/v2\/comments?post=5404"}],"wp:featuredmedia":[{"embeddable":true,"href":"https:\/\/mrs-candle.com\/index.php\/wp-json\/wp\/v2\/media\/5616"}],"wp:attachment":[{"href":"https:\/\/mrs-candle.com\/index.php\/wp-json\/wp\/v2\/media?parent=5404"}],"wp:term":[{"taxonomy":"product_brand","embeddable":true,"href":"https:\/\/mrs-candle.com\/index.php\/wp-json\/wp\/v2\/product_brand?post=5404"},{"taxonomy":"product_cat","embeddable":true,"href":"https:\/\/mrs-candle.com\/index.php\/wp-json\/wp\/v2\/product_cat?post=5404"},{"taxonomy":"product_tag","embeddable":true,"href":"https:\/\/mrs-candle.com\/index.php\/wp-json\/wp\/v2\/product_tag?post=5404"}],"curies":[{"name":"wp","href":"https:\/\/api.w.org\/{rel}","templated":true}]}}