{"id":5416,"date":"2022-02-11T13:18:17","date_gmt":"2022-02-11T13:18:17","guid":{"rendered":"http:\/\/mrs-candle.com\/?post_type=product&#038;p=5416"},"modified":"2025-12-28T08:55:47","modified_gmt":"2025-12-28T08:55:47","slug":"englischer-garten","status":"publish","type":"product","link":"https:\/\/mrs-candle.com\/index.php\/product\/englischer-garten\/","title":{"rendered":"ENGLISCHER GARTEN"},"content":{"rendered":"<p>Kopfnote: Maigl\u00f6ckchen, Gr\u00fcne Bl\u00e4tter, Birne<br \/>\nHerznote: Flieder, Rose, Jasmin<br \/>\nBasisnote: Vanille, Nelke<br \/>\n(Dieses Duft\u00f6l ist mit nat\u00fcrlichen \u00e4therischen \u00d6len, einschlie\u00dflich Ylang-Ylang-\u00d6l, angereichert.)<\/p>\n","protected":false},"excerpt":{"rendered":"<p>Kopfnote: Maigl\u00f6ckchen, Gr\u00fcne Bl\u00e4tter, Birne Herznote: Flieder, Rose, Jasmin Basisnote: Vanille, Nelke (Dieses Duft\u00f6l ist mit nat\u00fcrlichen \u00e4therischen \u00d6len, einschlie\u00dflich Ylang-Ylang-\u00d6l, angereichert.)<\/p>\n","protected":false},"featured_media":5758,"comment_status":"open","ping_status":"closed","template":"","meta":[],"product_brand":[],"product_cat":[75],"product_tag":[],"class_list":{"0":"post-5416","1":"product","2":"type-product","3":"status-publish","4":"has-post-thumbnail","6":"product_cat-kerzen","8":"first","9":"outofstock","10":"shipping-taxable","11":"purchasable","12":"product-type-variable"},"_links":{"self":[{"href":"https:\/\/mrs-candle.com\/index.php\/wp-json\/wp\/v2\/product\/5416","targetHints":{"allow":["GET"]}}],"collection":[{"href":"https:\/\/mrs-candle.com\/index.php\/wp-json\/wp\/v2\/product"}],"about":[{"href":"https:\/\/mrs-candle.com\/index.php\/wp-json\/wp\/v2\/types\/product"}],"replies":[{"embeddable":true,"href":"https:\/\/mrs-candle.com\/index.php\/wp-json\/wp\/v2\/comments?post=5416"}],"wp:featuredmedia":[{"embeddable":true,"href":"https:\/\/mrs-candle.com\/index.php\/wp-json\/wp\/v2\/media\/5758"}],"wp:attachment":[{"href":"https:\/\/mrs-candle.com\/index.php\/wp-json\/wp\/v2\/media?parent=5416"}],"wp:term":[{"taxonomy":"product_brand","embeddable":true,"href":"https:\/\/mrs-candle.com\/index.php\/wp-json\/wp\/v2\/product_brand?post=5416"},{"taxonomy":"product_cat","embeddable":true,"href":"https:\/\/mrs-candle.com\/index.php\/wp-json\/wp\/v2\/product_cat?post=5416"},{"taxonomy":"product_tag","embeddable":true,"href":"https:\/\/mrs-candle.com\/index.php\/wp-json\/wp\/v2\/product_tag?post=5416"}],"curies":[{"name":"wp","href":"https:\/\/api.w.org\/{rel}","templated":true}]}}