{"id":5470,"date":"2022-02-11T13:28:13","date_gmt":"2022-02-11T13:28:13","guid":{"rendered":"http:\/\/mrs-candle.com\/?post_type=product&#038;p=5470"},"modified":"2024-08-07T12:34:31","modified_gmt":"2024-08-07T12:34:31","slug":"aroniabeeren","status":"publish","type":"product","link":"https:\/\/mrs-candle.com\/index.php\/product\/aroniabeeren\/","title":{"rendered":"Aroniabeeren"},"content":{"rendered":"<p>Kopfnoten: Sonnengek\u00fcsste Aronia Berry, Meyer Lemon<br \/>\nHerznoten: Violettes Bl\u00fctenblatt, Blattgem\u00fcse<br \/>\nBottom Notes: Sternanis, Hanfsamen, Kristallzucker<\/p>\n","protected":false},"excerpt":{"rendered":"<p>Ein sehr charakteristischer Duft und anders als jede andere Kerze.<br \/>\nDer Geruch von Aronia ist eine komplexe Empfindung f\u00fcr Nase, Zunge und Gehirn.<br \/>\nWenn Sie Ihre s\u00fc\u00dfen Fr\u00fcchte und Beeren lieben, dann werden Sie diese Kerze lieben.<br \/>\nEin lebendiger und erhebender Duft, der wundersch\u00f6n gemischt wird, um einen unvergesslichen Duft zu kreieren.<br \/>\nS\u00fc\u00df, stark und packt einen atemberaubenden Schlag.<\/p>\n","protected":false},"featured_media":5628,"comment_status":"open","ping_status":"closed","template":"","meta":[],"product_brand":[],"product_cat":[75],"product_tag":[],"class_list":{"0":"post-5470","1":"product","2":"type-product","3":"status-publish","4":"has-post-thumbnail","6":"product_cat-kerzen","8":"first","9":"instock","10":"shipping-taxable","11":"purchasable","12":"product-type-variable"},"_links":{"self":[{"href":"https:\/\/mrs-candle.com\/index.php\/wp-json\/wp\/v2\/product\/5470","targetHints":{"allow":["GET"]}}],"collection":[{"href":"https:\/\/mrs-candle.com\/index.php\/wp-json\/wp\/v2\/product"}],"about":[{"href":"https:\/\/mrs-candle.com\/index.php\/wp-json\/wp\/v2\/types\/product"}],"replies":[{"embeddable":true,"href":"https:\/\/mrs-candle.com\/index.php\/wp-json\/wp\/v2\/comments?post=5470"}],"wp:featuredmedia":[{"embeddable":true,"href":"https:\/\/mrs-candle.com\/index.php\/wp-json\/wp\/v2\/media\/5628"}],"wp:attachment":[{"href":"https:\/\/mrs-candle.com\/index.php\/wp-json\/wp\/v2\/media?parent=5470"}],"wp:term":[{"taxonomy":"product_brand","embeddable":true,"href":"https:\/\/mrs-candle.com\/index.php\/wp-json\/wp\/v2\/product_brand?post=5470"},{"taxonomy":"product_cat","embeddable":true,"href":"https:\/\/mrs-candle.com\/index.php\/wp-json\/wp\/v2\/product_cat?post=5470"},{"taxonomy":"product_tag","embeddable":true,"href":"https:\/\/mrs-candle.com\/index.php\/wp-json\/wp\/v2\/product_tag?post=5470"}],"curies":[{"name":"wp","href":"https:\/\/api.w.org\/{rel}","templated":true}]}}