{"id":5482,"date":"2022-02-11T13:29:45","date_gmt":"2022-02-11T13:29:45","guid":{"rendered":"http:\/\/mrs-candle.com\/?post_type=product&#038;p=5482"},"modified":"2024-08-07T12:30:51","modified_gmt":"2024-08-07T12:30:51","slug":"grapefruit","status":"publish","type":"product","link":"https:\/\/mrs-candle.com\/index.php\/product\/grapefruit\/","title":{"rendered":"Grapefruit"},"content":{"rendered":"<p>Wundersch\u00f6n sauberer, erhebender und energetisierender Duft von reifen, w\u00fcrzigen Grapefruits. Dieser Duft ist ein gro\u00dfartiger Stimmungsverst\u00e4rker<\/p>\n","protected":false},"excerpt":{"rendered":"<p>Wundersch\u00f6n sauberer, erhebender und energetisierender Duft von reifen, w\u00fcrzigen Grapefruits. Dieser Duft ist ein gro\u00dfartiger Stimmungsverst\u00e4rker<\/p>\n","protected":false},"featured_media":5630,"comment_status":"open","ping_status":"closed","template":"","meta":[],"product_brand":[],"product_cat":[75],"product_tag":[],"class_list":{"0":"post-5482","1":"product","2":"type-product","3":"status-publish","4":"has-post-thumbnail","6":"product_cat-kerzen","8":"first","9":"instock","10":"shipping-taxable","11":"purchasable","12":"product-type-variable"},"_links":{"self":[{"href":"https:\/\/mrs-candle.com\/index.php\/wp-json\/wp\/v2\/product\/5482","targetHints":{"allow":["GET"]}}],"collection":[{"href":"https:\/\/mrs-candle.com\/index.php\/wp-json\/wp\/v2\/product"}],"about":[{"href":"https:\/\/mrs-candle.com\/index.php\/wp-json\/wp\/v2\/types\/product"}],"replies":[{"embeddable":true,"href":"https:\/\/mrs-candle.com\/index.php\/wp-json\/wp\/v2\/comments?post=5482"}],"wp:featuredmedia":[{"embeddable":true,"href":"https:\/\/mrs-candle.com\/index.php\/wp-json\/wp\/v2\/media\/5630"}],"wp:attachment":[{"href":"https:\/\/mrs-candle.com\/index.php\/wp-json\/wp\/v2\/media?parent=5482"}],"wp:term":[{"taxonomy":"product_brand","embeddable":true,"href":"https:\/\/mrs-candle.com\/index.php\/wp-json\/wp\/v2\/product_brand?post=5482"},{"taxonomy":"product_cat","embeddable":true,"href":"https:\/\/mrs-candle.com\/index.php\/wp-json\/wp\/v2\/product_cat?post=5482"},{"taxonomy":"product_tag","embeddable":true,"href":"https:\/\/mrs-candle.com\/index.php\/wp-json\/wp\/v2\/product_tag?post=5482"}],"curies":[{"name":"wp","href":"https:\/\/api.w.org\/{rel}","templated":true}]}}