{"id":5494,"date":"2022-02-11T13:34:07","date_gmt":"2022-02-11T13:34:07","guid":{"rendered":"http:\/\/mrs-candle.com\/?post_type=product&#038;p=5494"},"modified":"2024-08-07T12:16:09","modified_gmt":"2024-08-07T12:16:09","slug":"pfefferminz-eukalyptus-2","status":"publish","type":"product","link":"https:\/\/mrs-candle.com\/index.php\/product\/pfefferminz-eukalyptus-2\/","title":{"rendered":"Pfefferminz Eukalyptus"},"content":{"rendered":"","protected":false},"excerpt":{"rendered":"<p>S\u00fc\u00dfe und kr\u00e4ftige Pfefferminze vermischt sich mit frisch gepfl\u00fcckten Eukalytusbl\u00e4ttern. Dieser superstarke Duft hat einen hohen Gehalt an \u00e4therischen \u00d6len. Ideal zur \u00dcberwindung starker Ger\u00fcche wie Haustierger\u00fcche.<\/p>\n","protected":false},"featured_media":5612,"comment_status":"open","ping_status":"closed","template":"","meta":[],"product_brand":[],"product_cat":[75],"product_tag":[],"class_list":{"0":"post-5494","1":"product","2":"type-product","3":"status-publish","4":"has-post-thumbnail","6":"product_cat-kerzen","8":"first","9":"instock","10":"shipping-taxable","11":"purchasable","12":"product-type-variable"},"_links":{"self":[{"href":"https:\/\/mrs-candle.com\/index.php\/wp-json\/wp\/v2\/product\/5494","targetHints":{"allow":["GET"]}}],"collection":[{"href":"https:\/\/mrs-candle.com\/index.php\/wp-json\/wp\/v2\/product"}],"about":[{"href":"https:\/\/mrs-candle.com\/index.php\/wp-json\/wp\/v2\/types\/product"}],"replies":[{"embeddable":true,"href":"https:\/\/mrs-candle.com\/index.php\/wp-json\/wp\/v2\/comments?post=5494"}],"wp:featuredmedia":[{"embeddable":true,"href":"https:\/\/mrs-candle.com\/index.php\/wp-json\/wp\/v2\/media\/5612"}],"wp:attachment":[{"href":"https:\/\/mrs-candle.com\/index.php\/wp-json\/wp\/v2\/media?parent=5494"}],"wp:term":[{"taxonomy":"product_brand","embeddable":true,"href":"https:\/\/mrs-candle.com\/index.php\/wp-json\/wp\/v2\/product_brand?post=5494"},{"taxonomy":"product_cat","embeddable":true,"href":"https:\/\/mrs-candle.com\/index.php\/wp-json\/wp\/v2\/product_cat?post=5494"},{"taxonomy":"product_tag","embeddable":true,"href":"https:\/\/mrs-candle.com\/index.php\/wp-json\/wp\/v2\/product_tag?post=5494"}],"curies":[{"name":"wp","href":"https:\/\/api.w.org\/{rel}","templated":true}]}}