{"id":5500,"date":"2022-02-11T13:35:05","date_gmt":"2022-02-11T13:35:05","guid":{"rendered":"http:\/\/mrs-candle.com\/?post_type=product&#038;p=5500"},"modified":"2024-08-07T12:13:56","modified_gmt":"2024-08-07T12:13:56","slug":"gluhwein","status":"publish","type":"product","link":"https:\/\/mrs-candle.com\/index.php\/product\/gluhwein\/","title":{"rendered":"GL\u00dcHWEIN"},"content":{"rendered":"<p>Oben: Orangenschale, Zimtbl\u00e4tter<br \/>\nMitte: Apfel, Zimt<br \/>\nBasis: Brauner Zucker, Cumarin<\/p>\n","protected":false},"excerpt":{"rendered":"<p>Feinschmecker &#8211; w\u00fcrzig &#8211; fruchtig<\/p>\n<p>Eine reichhaltige Komposition aus Fr\u00fcchten und Wintergew\u00fcrzen mit Kopfnoten, die aus der fruchtigen Orangenschale stammen und von dem Reichtum w\u00fcrziger, aber heimeliger Zimtstangen umgeben sind. Perfekt f\u00fcr eine gem\u00fctliche Nacht oder eine Nacht auf den Weihnachtsm\u00e4rkten.<\/p>\n","protected":false},"featured_media":5638,"comment_status":"open","ping_status":"closed","template":"","meta":[],"product_brand":[],"product_cat":[75],"product_tag":[],"class_list":{"0":"post-5500","1":"product","2":"type-product","3":"status-publish","4":"has-post-thumbnail","6":"product_cat-kerzen","8":"first","9":"instock","10":"shipping-taxable","11":"purchasable","12":"product-type-variable"},"_links":{"self":[{"href":"https:\/\/mrs-candle.com\/index.php\/wp-json\/wp\/v2\/product\/5500","targetHints":{"allow":["GET"]}}],"collection":[{"href":"https:\/\/mrs-candle.com\/index.php\/wp-json\/wp\/v2\/product"}],"about":[{"href":"https:\/\/mrs-candle.com\/index.php\/wp-json\/wp\/v2\/types\/product"}],"replies":[{"embeddable":true,"href":"https:\/\/mrs-candle.com\/index.php\/wp-json\/wp\/v2\/comments?post=5500"}],"wp:featuredmedia":[{"embeddable":true,"href":"https:\/\/mrs-candle.com\/index.php\/wp-json\/wp\/v2\/media\/5638"}],"wp:attachment":[{"href":"https:\/\/mrs-candle.com\/index.php\/wp-json\/wp\/v2\/media?parent=5500"}],"wp:term":[{"taxonomy":"product_brand","embeddable":true,"href":"https:\/\/mrs-candle.com\/index.php\/wp-json\/wp\/v2\/product_brand?post=5500"},{"taxonomy":"product_cat","embeddable":true,"href":"https:\/\/mrs-candle.com\/index.php\/wp-json\/wp\/v2\/product_cat?post=5500"},{"taxonomy":"product_tag","embeddable":true,"href":"https:\/\/mrs-candle.com\/index.php\/wp-json\/wp\/v2\/product_tag?post=5500"}],"curies":[{"name":"wp","href":"https:\/\/api.w.org\/{rel}","templated":true}]}}